{"id":1663,"date":"2020-10-04T06:48:41","date_gmt":"2020-10-04T06:48:41","guid":{"rendered":"http:\/\/thicongchongset.com.vn\/?post_type=product&#038;p=1663"},"modified":"2021-03-20T08:48:46","modified_gmt":"2021-03-20T08:48:46","slug":"cap-dong-tran-m50-m70-m90","status":"publish","type":"product","link":"https:\/\/vattuchongset.vn\/?product=cap-dong-tran-m50-m70-m90","title":{"rendered":"C\u00c1P \u0110\u1ed2NG TR\u1ea6N M50, M70, M90"},"content":{"rendered":"<p>Ph\u00e2n Ph\u1ed1i, Cung c\u1ea5p C\u00e1p \u0111\u1ed3ng tr\u1ea7n M50, M70, M90, M120 d\u00f9ng trong ti\u1ebfp \u0111\u1ecba v\u00e0 tho\u00e1t s\u00e9t\u2026S\u1ea3n ph\u1ea9m c\u1ee7a H\u00e0n Qu\u1ed1c, Cadisun, Goldcap\u2026B\u00e1n bu\u00f4n, b\u00e1n l\u1ebb v\u1edbi gi\u00e1 c\u1ea3 t\u1ed1t nh\u1ea5t.<\/p>\n<p><img loading=\"lazy\" decoding=\"async\" class=\"alignnone size-full wp-image-1665\" src=\"https:\/\/thicongchongset.com.vn\/wp-content\/uploads\/2020\/10\/cap-dong-tran-m70.jpg\" alt=\"\" width=\"320\" height=\"320\" srcset=\"https:\/\/vattuchongset.vn\/wp-content\/uploads\/2020\/10\/cap-dong-tran-m70.jpg 320w, https:\/\/vattuchongset.vn\/wp-content\/uploads\/2020\/10\/cap-dong-tran-m70-100x100.jpg 100w, https:\/\/vattuchongset.vn\/wp-content\/uploads\/2020\/10\/cap-dong-tran-m70-280x280.jpg 280w, https:\/\/vattuchongset.vn\/wp-content\/uploads\/2020\/10\/cap-dong-tran-m70-300x300.jpg 300w\" sizes=\"(max-width: 320px) 100vw, 320px\" \/><\/p>\n","protected":false},"excerpt":{"rendered":"<h3><strong>S\u1ea3n ph\u1ea9m c\u00f3 thi\u1ebft\u00a0di\u1ec7n:<\/strong><\/h3>\n<p>\u2013 C\u00e1p \u0111\u1ed3ng M16, 16mm2 (Cu, C16) c\u00e1p \u0111\u1ed3ng M16mm\u00b2.<\/p>\n<p>\u2013 C\u00e1p \u0111\u1ed3ng M25, 25mm2 (Cu, C25) c\u00e1p \u0111\u1ed3ng M25mm\u00b2.<\/p>\n<p>\u2013 C\u00e1p \u0111\u1ed3ng M35, 35mm2 (Cu, C35) c\u00e1p \u0111\u1ed3ng M35mm\u00b2.<\/p>\n<p>\u2013 C\u00e1p \u0111\u1ed3ng M50, 50mm2 (Cu, C50) c\u00e1p \u0111\u1ed3ng M50mm\u00b2<\/p>\n<p>\u2013\u00a0<a href=\"https:\/\/www.chongsettantien.com\/cap-dong-thoat-set\" target=\"_blank\" rel=\"noopener noreferrer\">C\u00e1p \u0111\u1ed3ng M70<\/a>, 70mm2 (Cu, C70) c\u00e1p \u0111\u1ed3ng M70mm\u00b2.<\/p>\n<p>\u2013 C\u00e1p \u0111\u1ed3ng M90, 90mm2 (Cu, C90) c\u00e1p \u0111\u1ed3ng M90mm\u00b2.<\/p>\n<p><strong>H\u00e3y li\u00ean h\u1ec7 tr\u1ef1c ti\u1ebfp \u0111\u1ec3 c\u00f3 gi\u00e1 t\u1ed1t nh\u1ea5t.<\/strong><\/p>\n","protected":false},"featured_media":1664,"comment_status":"open","ping_status":"closed","template":"","meta":[],"product_cat":[84,116],"product_tag":[180,168,175,179,176,173,177,178,174],"_links":{"self":[{"href":"https:\/\/vattuchongset.vn\/index.php?rest_route=\/wp\/v2\/product\/1663"}],"collection":[{"href":"https:\/\/vattuchongset.vn\/index.php?rest_route=\/wp\/v2\/product"}],"about":[{"href":"https:\/\/vattuchongset.vn\/index.php?rest_route=\/wp\/v2\/types\/product"}],"replies":[{"embeddable":true,"href":"https:\/\/vattuchongset.vn\/index.php?rest_route=%2Fwp%2Fv2%2Fcomments&post=1663"}],"wp:featuredmedia":[{"embeddable":true,"href":"https:\/\/vattuchongset.vn\/index.php?rest_route=\/wp\/v2\/media\/1664"}],"wp:attachment":[{"href":"https:\/\/vattuchongset.vn\/index.php?rest_route=%2Fwp%2Fv2%2Fmedia&parent=1663"}],"wp:term":[{"taxonomy":"product_cat","embeddable":true,"href":"https:\/\/vattuchongset.vn\/index.php?rest_route=%2Fwp%2Fv2%2Fproduct_cat&post=1663"},{"taxonomy":"product_tag","embeddable":true,"href":"https:\/\/vattuchongset.vn\/index.php?rest_route=%2Fwp%2Fv2%2Fproduct_tag&post=1663"}],"curies":[{"name":"wp","href":"https:\/\/api.w.org\/{rel}","templated":true}]}}