{"id":1705,"date":"2020-10-04T11:54:19","date_gmt":"2020-10-04T11:54:19","guid":{"rendered":"http:\/\/thicongchongset.com.vn\/?post_type=product&#038;p=1705"},"modified":"2023-12-17T09:37:42","modified_gmt":"2023-12-17T09:37:42","slug":"bo-dem-set-lsr2-lpi","status":"publish","type":"product","link":"https:\/\/vattuchongset.vn\/?product=bo-dem-set-lsr2-lpi","title":{"rendered":"B\u1ed9 \u0110\u1ebfm S\u00e9t LSR2 (LPI)"},"content":{"rendered":"<p>B\u1ed9 \u0111\u1ebfm s\u00e9t LPI LSR2 l\u00e0 b\u1ed9 \u0111\u1ebfm s\u00e9t c\u1ee7a LPI \u00dac, thay th\u1ebf cho LSR1 \u0111\u00e3 ng\u1eebng s\u1ea3n xu\u1ea5t<\/p>\n<p><img loading=\"lazy\" decoding=\"async\" class=\"alignnone size-medium wp-image-1706\" src=\"https:\/\/thicongchongset.com.vn\/wp-content\/uploads\/2020\/10\/so-seri-bo-dem-set-lsr2_e40b2663565442eb919d72ff84f9c123_master-400x400.jpg\" alt=\"\" width=\"400\" height=\"400\" srcset=\"https:\/\/vattuchongset.vn\/wp-content\/uploads\/2020\/10\/so-seri-bo-dem-set-lsr2_e40b2663565442eb919d72ff84f9c123_master-400x400.jpg 400w, https:\/\/vattuchongset.vn\/wp-content\/uploads\/2020\/10\/so-seri-bo-dem-set-lsr2_e40b2663565442eb919d72ff84f9c123_master-100x100.jpg 100w, https:\/\/vattuchongset.vn\/wp-content\/uploads\/2020\/10\/so-seri-bo-dem-set-lsr2_e40b2663565442eb919d72ff84f9c123_master-280x280.jpg 280w, https:\/\/vattuchongset.vn\/wp-content\/uploads\/2020\/10\/so-seri-bo-dem-set-lsr2_e40b2663565442eb919d72ff84f9c123_master-300x300.jpg 300w, https:\/\/vattuchongset.vn\/wp-content\/uploads\/2020\/10\/so-seri-bo-dem-set-lsr2_e40b2663565442eb919d72ff84f9c123_master.jpg 600w\" sizes=\"(max-width: 400px) 100vw, 400px\" \/><\/p>\n<h2><strong>Th\u00f4ng S\u1ed1 K\u1ef9 Thu\u1eadt B\u1ed9 \u0110\u1ebfm S\u00e9t LPI LSR2<\/strong><\/h2>\n<table style=\"width: 66.3797%; height: 326px;\" border=\"0\" cellspacing=\"1\" cellpadding=\"1\" align=\"center\">\n<tbody>\n<tr>\n<td>H\u00e3ng s\u1ea3n xu\u1ea5t:<\/td>\n<td>LPI<\/td>\n<\/tr>\n<tr>\n<td>B\u1ed9 s\u1ea3n ph\u1ea9m:<\/td>\n<td>LSR<\/td>\n<\/tr>\n<tr>\n<td>M\u00e3 s\u1ea3n ph\u1ea9m:<\/td>\n<td>2<\/td>\n<\/tr>\n<tr>\n<td>\n<div>\u0110\u1ed9 nh\u1ea1y c\u01b0\u1eddng \u0111\u1ed9:<\/div>\n<\/td>\n<td>1500A 8\/20\u00b5s<\/td>\n<\/tr>\n<tr>\n<td>\n<div>Kho\u1ea3ng v\u1eadn h\u00e0nh<\/div>\n<\/td>\n<td>1500A ~ 220kA 8\/20\u00b5s<\/td>\n<\/tr>\n<tr>\n<td>Ki\u1ec3u \u0111\u1ebfm:<\/td>\n<td>7 s\u1ed1<\/td>\n<\/tr>\n<tr>\n<td>Xu\u1ea5t x\u1ee9:<\/td>\n<td>\u00dac<\/td>\n<\/tr>\n<tr>\n<td>K\u00edch th\u01b0\u1edbc:<\/td>\n<td>80 x 82 x 65 mm<\/td>\n<\/tr>\n<tr>\n<td>Kh\u1ed1i l\u01b0\u1ee3ng:<\/td>\n<td>0.4 kg<\/td>\n<\/tr>\n<tr>\n<td>M\u00e0u s\u1eafc:<\/td>\n<td>Xanh v\u00e0 X\u00e1m<\/td>\n<\/tr>\n<tr>\n<td>C\u1ea5u tr\u00fac:<\/td>\n<td>Nh\u1ef1a cacbonate<\/td>\n<\/tr>\n<tr>\n<td>C\u1ea5p b\u1ea3o v\u1ec7:<\/td>\n<td>IP 67 (IEC 529)<\/td>\n<\/tr>\n<tr>\n<td>Gi\u1edbi h\u1ea1n nhi\u1ec7t:<\/td>\n<td>-15\u00baC ~ 65\u00baC<\/td>\n<\/tr>\n<\/tbody>\n<\/table>\n<h3>B\u1ed9 \u0111\u1ebfm s\u00e9t LSR2 l\u00e0 thi\u1ebft b\u1ecb c\u00f3 xu\u1ea5t x\u1ee9 t\u1eeb \u00dac, \u0111\u01b0\u1ee3c s\u1ea3n xu\u1ea5t b\u1edfi th\u01b0\u01a1ng hi\u1ec7u LPI. \u0110\u00e2y l\u00e0 m\u1ed9t trong nh\u1eefng h\u00e3ng cung c\u1ea5p thi\u1ebft b\u1ecb ch\u1ed1ng s\u00e9t n\u1ed5i ti\u1ebfng t\u1ea1i khu v\u1ef1c ch\u00e2u \u00c1.<\/h3>\n<h3>LPI LSR2 \u0111ang l\u00e0 thi\u1ebft b\u1ecb c\u00f3\u00a0k\u00edch th\u01b0\u1edbc nh\u1ecf g\u1ecdn\u00a0v\u00e0 nh\u1eb9 nh\u1ea5t hi\u1ec7n nay. V\u1edbi kh\u1ea3 n\u0103ng \u0111\u1ebfm s\u00e9t c\u1ea3m bi\u1ebfn,\u00a0b\u1ed9 \u0111\u1ebfm s\u00e9t n\u00e0y c\u00f3 th\u1ec3 \u0111\u01b0\u1ee3c l\u1eafp \u0111\u1eb7t t\u1ea1i b\u1ea5t c\u1ee9 v\u1ecb tr\u00ed n\u00e0o tr\u00ean \u0111\u01b0\u1eddng d\u00e2y. Kho\u1ea3ng v\u1eadn h\u00e0nh r\u1ed9ng cho ph\u00e9p thi\u1ebft b\u1ecb \u0111\u1ebfm ch\u00ednh x\u00e1c l\u01b0\u1ee3ng s\u00e9t \u0111\u00e1nh v\u00e0o h\u1ec7 th\u1ed1ng. Ch\u1ea5t li\u1ec7u nh\u1ef1a cao c\u1ea5p gi\u00fap gia t\u0103ng tu\u1ed5i th\u1ecd c\u1ee7a s\u1ea3n ph\u1ea9m v\u00e0 \u0111\u1ea3m b\u1ea3o n\u00f3 ho\u1ea1t \u0111\u1ed9ng b\u00ecnh th\u01b0\u1eddng trong nh\u1eefng \u0111i\u1ec1u ki\u1ec7n th\u1eddi ti\u1ebft x\u1ea5u nh\u1ea5t.<\/h3>\n<p>V\u1edbi s\u1ed1 l\u01b0\u1ee3ng l\u1edbn nhu c\u1ea7u c\u1ee7a ng\u01b0\u1eddi ti\u00eau d\u00f9ng hi\u1ec7n nay v\u00e0 th\u1eadm ch\u00ed c\u00f3 xu h\u01b0\u1edbng t\u0103ng trong t\u01b0\u01a1ng lai; c\u00e1c nh\u00e0 s\u1ea3n xu\u1ea5t lu\u1ed1n kh\u00f4ng ng\u1eebng c\u1ea3i ti\u1ebfn v\u00e0 cam k\u1ebft mang \u0111\u1ebfn cho kh\u00e1ch h\u00e0ng nh\u1eefng d\u00f2ng s\u1ea3n ph\u1ea9m ch\u1ed1ng s\u00e9t c\u00f3 ch\u1ea5t l\u01b0\u1ee3ng h\u00e0ng \u0111\u1ea7u. N\u1ebfu b\u1ea1n \u0111ang c\u00f3 nhu c\u1ea7u c\u1ea3i thi\u1ec7n h\u1ec7 th\u1ed1ng thu s\u00e9t v\u1edbi thi\u1ebft b\u1ecb b\u1ed9 \u0111\u1ebfm s\u00e9t LSR2, h\u00e3y li\u00ean h\u1ec7 ngay v\u1edbi nh\u00e2n vi\u00ean c\u1ee7a ch\u00fang t\u00f4i qua hotline 0353577766- 0354534566. V\u1edbi \u0111\u1ed9i ng\u0169 nh\u00e2n vi\u00ean nhi\u1ec7t t\u00ecnh v\u00e0 lu\u00f4n \u0111\u1eb7t l\u1ee3i \u00edch c\u1ee7a kh\u00e1ch h\u00e0ng l\u00ean h\u00e0ng \u0111\u1ea7u, Quang H\u01b0ng lu\u00f4n h\u00e2n h\u1ea1nh \u0111\u01b0\u1ee3c \u0111\u1ed3ng h\u00e0nh c\u00f9ng b\u1ea1n.<\/p>\n","protected":false},"excerpt":{"rendered":"<p><span style=\"font-size: 100%;\">B\u1ed9 \u0110\u1ebfm S\u00e9t LPI LSR2<\/span><\/p>\n<p><span style=\"font-size: 100%;\">xu\u1ea5t s\u1ee9: \u00dac<\/span><\/p>\n<p><strong>Hotline:\u00a0<\/strong>0353.577.766<br \/>\n<strong>Email:<\/strong>\u00a0vnmax2@gmail.com<br \/>\n<strong>Website:<\/strong>\u00a0thicongchongset.com.vn<\/p>\n","protected":false},"featured_media":1707,"comment_status":"open","ping_status":"closed","template":"","meta":[],"product_cat":[120,127],"product_tag":[180,168,175,179,176,173,177,178,174],"_links":{"self":[{"href":"https:\/\/vattuchongset.vn\/index.php?rest_route=\/wp\/v2\/product\/1705"}],"collection":[{"href":"https:\/\/vattuchongset.vn\/index.php?rest_route=\/wp\/v2\/product"}],"about":[{"href":"https:\/\/vattuchongset.vn\/index.php?rest_route=\/wp\/v2\/types\/product"}],"replies":[{"embeddable":true,"href":"https:\/\/vattuchongset.vn\/index.php?rest_route=%2Fwp%2Fv2%2Fcomments&post=1705"}],"wp:featuredmedia":[{"embeddable":true,"href":"https:\/\/vattuchongset.vn\/index.php?rest_route=\/wp\/v2\/media\/1707"}],"wp:attachment":[{"href":"https:\/\/vattuchongset.vn\/index.php?rest_route=%2Fwp%2Fv2%2Fmedia&parent=1705"}],"wp:term":[{"taxonomy":"product_cat","embeddable":true,"href":"https:\/\/vattuchongset.vn\/index.php?rest_route=%2Fwp%2Fv2%2Fproduct_cat&post=1705"},{"taxonomy":"product_tag","embeddable":true,"href":"https:\/\/vattuchongset.vn\/index.php?rest_route=%2Fwp%2Fv2%2Fproduct_tag&post=1705"}],"curies":[{"name":"wp","href":"https:\/\/api.w.org\/{rel}","templated":true}]}}