{"id":1898,"date":"2020-12-01T14:15:14","date_gmt":"2020-12-01T14:15:14","guid":{"rendered":"http:\/\/thicongchongset.com.vn\/?post_type=product&#038;p=1898"},"modified":"2024-05-08T02:42:49","modified_gmt":"2024-05-08T02:42:49","slug":"coc-tiep-dia-thep-ma-dong-an-do-ramratna","status":"publish","type":"product","link":"https:\/\/vattuchongset.vn\/?product=coc-tiep-dia-thep-ma-dong-an-do-ramratna","title":{"rendered":"c\u1ecdc ti\u1ebfp \u0111\u1ecba th\u00e9p m\u1ea1 \u0111\u1ed3ng \u1ea4n \u0110\u1ed9 RAMRATNA"},"content":{"rendered":"<h1 class=\"product_title entry-title\">C\u1eccC TI\u1ebeP \u0110\u1ecaA TH\u00c9P M\u1ea0 \u0110\u1ed2NG \u0110\u1eb6C CH\u1ee6NG<\/h1>\n<div class=\"woocommerce-product-details__short-description\">\n<p>C\u1ecdc ti\u1ebfp \u0111\u1ecba th\u00e9p m\u1ea1 \u0111\u1ed3ng b\u1eb1ng c\u00e1ch li\u00ean k\u1ebft \u0111i\u1ec7n h\u00f3a l\u00f5i th\u00e9p v\u1edbi \u0111\u1ed3ng nguy\u00ean ch\u1ea5t 99,95%<\/p>\n<p>L\u1edbp m\u1ea1 b\u00f3ng \u0111\u1eb9p, \u0111\u00fang chu\u1ea9n k\u00edch th\u01b0\u1edbc<\/p>\n<p>K\u00edch th\u01b0\u1edbc ph\u1ed5 bi\u1ebfn: D14.2, D16, D20<\/p>\n<p>Xu\u1ea5t x\u1ee9: RAMRATNA \u1ea4n \u0110\u1ed9<\/p>\n<p>B\u1ea3o h\u00e0nh: 12 th\u00e1ng<\/p>\n<p>H\u00e0ng nh\u1eadp kh\u1ea9u \u2013 Xu\u1ea5t h\u00e0ng \u0111\u1ea7y \u0111\u1ee7 CO, CQ t\u1eeb nh\u00e0 s\u1ea3n xu\u1ea5t<\/p>\n<\/div>\n<h2><img loading=\"lazy\" decoding=\"async\" class=\"alignnone size-full wp-image-1899\" src=\"https:\/\/thicongchongset.com.vn\/wp-content\/uploads\/2020\/12\/coc-tiep-dia-thep-ma-dong-ramratna-1-300x300-1.jpg\" alt=\"\" width=\"300\" height=\"300\" srcset=\"https:\/\/vattuchongset.vn\/wp-content\/uploads\/2020\/12\/coc-tiep-dia-thep-ma-dong-ramratna-1-300x300-1.jpg 300w, https:\/\/vattuchongset.vn\/wp-content\/uploads\/2020\/12\/coc-tiep-dia-thep-ma-dong-ramratna-1-300x300-1-100x100.jpg 100w, https:\/\/vattuchongset.vn\/wp-content\/uploads\/2020\/12\/coc-tiep-dia-thep-ma-dong-ramratna-1-300x300-1-280x280.jpg 280w\" sizes=\"(max-width: 300px) 100vw, 300px\" \/><\/h2>\n<h2 id=\"uu-diem-vuot-troi\" class=\"ftwp-heading\">\u01afu \u0111i\u1ec3m v\u01b0\u1ee3t tr\u1ed9i<\/h2>\n<ul>\n<li>C\u1ecdc ti\u1ebfp \u0111\u1ecba th\u00e9p m\u1ea1 \u0111\u1ed3ng b\u1eb1ng c\u00e1ch li\u00ean k\u1ebft \u0111i\u1ec7n h\u00f3a l\u00f5i th\u00e9p v\u1edbi \u0111\u1ed3ng nguy\u00ean ch\u1ea5t 99,95%<\/li>\n<li>L\u1edbp m\u1ea1 b\u00f3ng \u0111\u1eb9p, \u0111\u00fang chu\u1ea9n k\u00edch th\u01b0\u1edbc<\/li>\n<li>K\u00edch th\u01b0\u1edbc ph\u1ed5 bi\u1ebfn: D14.2, D16, D20<\/li>\n<li>Xu\u1ea5t x\u1ee9: RAMRATNA \u1ea4n \u0110\u1ed9<\/li>\n<li>B\u1ea3o h\u00e0nh: 12 th\u00e1ng<\/li>\n<li>H\u00e0ng nh\u1eadp kh\u1ea9u \u2013 Xu\u1ea5t h\u00e0ng \u0111\u1ea7y \u0111\u1ee7 CO, CQ t\u1eeb nh\u00e0 s\u1ea3n xu\u1ea5t<\/li>\n<\/ul>\n<p><img loading=\"lazy\" decoding=\"async\" class=\"alignnone size-medium wp-image-1900\" src=\"https:\/\/thicongchongset.com.vn\/wp-content\/uploads\/2020\/12\/coc-tiep-dia-thep-ma-dong-ramratna1-400x400.jpg\" alt=\"\" width=\"400\" height=\"400\" srcset=\"https:\/\/vattuchongset.vn\/wp-content\/uploads\/2020\/12\/coc-tiep-dia-thep-ma-dong-ramratna1-400x400.jpg 400w, https:\/\/vattuchongset.vn\/wp-content\/uploads\/2020\/12\/coc-tiep-dia-thep-ma-dong-ramratna1-600x600.jpg 600w, https:\/\/vattuchongset.vn\/wp-content\/uploads\/2020\/12\/coc-tiep-dia-thep-ma-dong-ramratna1-100x100.jpg 100w, https:\/\/vattuchongset.vn\/wp-content\/uploads\/2020\/12\/coc-tiep-dia-thep-ma-dong-ramratna1-280x280.jpg 280w, https:\/\/vattuchongset.vn\/wp-content\/uploads\/2020\/12\/coc-tiep-dia-thep-ma-dong-ramratna1-768x768.jpg 768w, https:\/\/vattuchongset.vn\/wp-content\/uploads\/2020\/12\/coc-tiep-dia-thep-ma-dong-ramratna1.jpg 781w\" sizes=\"(max-width: 400px) 100vw, 400px\" \/> <img loading=\"lazy\" decoding=\"async\" class=\"alignnone size-medium wp-image-1901\" src=\"https:\/\/thicongchongset.com.vn\/wp-content\/uploads\/2020\/12\/coc-tiep-dia-thep-ma-dong-ramratna2-400x400.jpg\" alt=\"\" width=\"400\" height=\"400\" srcset=\"https:\/\/vattuchongset.vn\/wp-content\/uploads\/2020\/12\/coc-tiep-dia-thep-ma-dong-ramratna2-400x400.jpg 400w, https:\/\/vattuchongset.vn\/wp-content\/uploads\/2020\/12\/coc-tiep-dia-thep-ma-dong-ramratna2-600x600.jpg 600w, https:\/\/vattuchongset.vn\/wp-content\/uploads\/2020\/12\/coc-tiep-dia-thep-ma-dong-ramratna2-100x100.jpg 100w, https:\/\/vattuchongset.vn\/wp-content\/uploads\/2020\/12\/coc-tiep-dia-thep-ma-dong-ramratna2-280x280.jpg 280w, https:\/\/vattuchongset.vn\/wp-content\/uploads\/2020\/12\/coc-tiep-dia-thep-ma-dong-ramratna2-768x768.jpg 768w, https:\/\/vattuchongset.vn\/wp-content\/uploads\/2020\/12\/coc-tiep-dia-thep-ma-dong-ramratna2.jpg 781w\" sizes=\"(max-width: 400px) 100vw, 400px\" \/><\/p>\n","protected":false},"excerpt":{"rendered":"<h1 class=\"product_title entry-title\">C\u1eccC TI\u1ebeP \u0110\u1ecaA TH\u00c9P M\u1ea0 \u0110\u1ed2NG \u0110\u1eb6C CH\u1ee6NG<\/h1>\n<div class=\"woocommerce-product-details__short-description\">\n<p>C\u1ecdc ti\u1ebfp \u0111\u1ecba th\u00e9p m\u1ea1 \u0111\u1ed3ng b\u1eb1ng c\u00e1ch li\u00ean k\u1ebft \u0111i\u1ec7n h\u00f3a l\u00f5i th\u00e9p v\u1edbi \u0111\u1ed3ng nguy\u00ean ch\u1ea5t 99,95%<\/p>\n<p>L\u1edbp m\u1ea1 b\u00f3ng \u0111\u1eb9p, \u0111\u00fang chu\u1ea9n k\u00edch th\u01b0\u1edbc<\/p>\n<p>K\u00edch th\u01b0\u1edbc ph\u1ed5 bi\u1ebfn: D14.2, D16, D20<\/p>\n<p>Xu\u1ea5t x\u1ee9: RAMRATNA \u1ea4n \u0110\u1ed9<\/p>\n<p>B\u1ea3o h\u00e0nh: 12 th\u00e1ng<\/p>\n<p>H\u00e0ng nh\u1eadp kh\u1ea9u \u2013 Xu\u1ea5t h\u00e0ng \u0111\u1ea7y \u0111\u1ee7 CO, CQ t\u1eeb nh\u00e0 s\u1ea3n xu\u1ea5t<\/p>\n<p><strong>Hotline:\u00a0<\/strong>0353.577.766<br \/>\n<strong>Email:<\/strong>\u00a0vnmax2@gmail.com<br \/>\n<strong>Website:<\/strong>\u00a0thicongchongset.com.vn<\/p>\n<\/div>\n","protected":false},"featured_media":1902,"comment_status":"open","ping_status":"closed","template":"","meta":[],"product_cat":[93,122],"product_tag":[180,168,175,144,179,176,173,177,178,174],"_links":{"self":[{"href":"https:\/\/vattuchongset.vn\/index.php?rest_route=\/wp\/v2\/product\/1898"}],"collection":[{"href":"https:\/\/vattuchongset.vn\/index.php?rest_route=\/wp\/v2\/product"}],"about":[{"href":"https:\/\/vattuchongset.vn\/index.php?rest_route=\/wp\/v2\/types\/product"}],"replies":[{"embeddable":true,"href":"https:\/\/vattuchongset.vn\/index.php?rest_route=%2Fwp%2Fv2%2Fcomments&post=1898"}],"wp:featuredmedia":[{"embeddable":true,"href":"https:\/\/vattuchongset.vn\/index.php?rest_route=\/wp\/v2\/media\/1902"}],"wp:attachment":[{"href":"https:\/\/vattuchongset.vn\/index.php?rest_route=%2Fwp%2Fv2%2Fmedia&parent=1898"}],"wp:term":[{"taxonomy":"product_cat","embeddable":true,"href":"https:\/\/vattuchongset.vn\/index.php?rest_route=%2Fwp%2Fv2%2Fproduct_cat&post=1898"},{"taxonomy":"product_tag","embeddable":true,"href":"https:\/\/vattuchongset.vn\/index.php?rest_route=%2Fwp%2Fv2%2Fproduct_tag&post=1898"}],"curies":[{"name":"wp","href":"https:\/\/api.w.org\/{rel}","templated":true}]}}